{"id":14,"date":"2013-06-19T16:49:48","date_gmt":"2013-06-19T15:49:48","guid":{"rendered":"http:\/\/www.ipsofactoservices.fr\/?page_id=14"},"modified":"2013-06-26T10:56:09","modified_gmt":"2013-06-26T09:56:09","slug":"nos-clients","status":"publish","type":"page","link":"https:\/\/www.ipsofactoservices.fr\/?page_id=14","title":{"rendered":"Nos clients"},"content":{"rendered":"<p><span style=\"line-height: 1.714285714; font-size: 1rem;\">Compagnie 1, 2, 3 Soleil<br \/>\nD\u00f4me Production<\/span><br \/>\nGeneric<br \/>\nLa Com\u00e9dia Nouvelle<br \/>\nLe Th\u00e9o Th\u00e9\u00e2tre<br \/>\nLes Arts Improvis\u00e9s<br \/>\nLes Compagnons de la Chim\u00e8re<br \/>\nLes Mille Chandelles<br \/>\nMusic &amp; Meetings<br \/>\nM\u00e9lusine<br \/>\nVid\u00e9o Film et Culture du Monde<br \/>\n<!--nextpage--><\/p>\n<p><span style=\"line-height: 1.714285714; font-size: 1rem;\">Blue &amp; Green<br \/>\nToute la compagnie dans le bocal<\/span><br \/>\nCompagnie de l\u2019Aurore<br \/>\nCompagnie du Chameau<br \/>\nCompagnie des Pendrillons<br \/>\nExtrath\u00e9\u00e2tre Production<br \/>\nI\u2019Riccinaghji<br \/>\nLa Cl\u00e9 des Planches<br \/>\nLes Enfants du Paradis<br \/>\nCompagnie Les Frimousses<br \/>\nVioletta Ballet<br \/>\n<!--nextpage--><\/p>\n<p style=\"text-align: center;\"><img loading=\"lazy\" class=\"wp-image-95 aligncenter\" style=\"border: 0px none;\" alt=\"\" src=\"http:\/\/www.ipsofactoservices.fr\/wp-content\/uploads\/2013\/06\/Image-clients.jpg\" width=\"130\" height=\"288\" srcset=\"https:\/\/www.ipsofactoservices.fr\/wp-content\/uploads\/2013\/06\/Image-clients.jpg 200w, https:\/\/www.ipsofactoservices.fr\/wp-content\/uploads\/2013\/06\/Image-clients-135x300.jpg 135w\" sizes=\"(max-width: 130px) 100vw, 130px\" \/><!--nextpage--><\/p>\n<p style=\"text-align: center;\"><img loading=\"lazy\" class=\" wp-image-118 aligncenter\" style=\"border: 0px;\" alt=\"montage-logos\" src=\"http:\/\/www.ipsofactoservices.fr\/wp-content\/uploads\/2013\/06\/montage-logos.jpg\" width=\"1000\" height=\"122\" srcset=\"https:\/\/www.ipsofactoservices.fr\/wp-content\/uploads\/2013\/06\/montage-logos.jpg 1000w, https:\/\/www.ipsofactoservices.fr\/wp-content\/uploads\/2013\/06\/montage-logos-300x36.jpg 300w, https:\/\/www.ipsofactoservices.fr\/wp-content\/uploads\/2013\/06\/montage-logos-624x76.jpg 624w\" sizes=\"(max-width: 1000px) 100vw, 1000px\" \/><\/p>\n","protected":false},"excerpt":{"rendered":"<p>Compagnie 1, 2, 3 Soleil D\u00f4me Production Generic La Com\u00e9dia Nouvelle Le Th\u00e9o Th\u00e9\u00e2tre Les Arts Improvis\u00e9s Les Compagnons de la Chim\u00e8re Les Mille Chandelles Music &amp; Meetings M\u00e9lusine Vid\u00e9o Film et Culture du Monde<\/p>\n","protected":false},"author":1,"featured_media":0,"parent":0,"menu_order":0,"comment_status":"closed","ping_status":"open","template":"page-templates\/full-width.php","meta":[],"_links":{"self":[{"href":"https:\/\/www.ipsofactoservices.fr\/index.php?rest_route=\/wp\/v2\/pages\/14"}],"collection":[{"href":"https:\/\/www.ipsofactoservices.fr\/index.php?rest_route=\/wp\/v2\/pages"}],"about":[{"href":"https:\/\/www.ipsofactoservices.fr\/index.php?rest_route=\/wp\/v2\/types\/page"}],"author":[{"embeddable":true,"href":"https:\/\/www.ipsofactoservices.fr\/index.php?rest_route=\/wp\/v2\/users\/1"}],"replies":[{"embeddable":true,"href":"https:\/\/www.ipsofactoservices.fr\/index.php?rest_route=%2Fwp%2Fv2%2Fcomments&post=14"}],"version-history":[{"count":32,"href":"https:\/\/www.ipsofactoservices.fr\/index.php?rest_route=\/wp\/v2\/pages\/14\/revisions"}],"predecessor-version":[{"id":42,"href":"https:\/\/www.ipsofactoservices.fr\/index.php?rest_route=\/wp\/v2\/pages\/14\/revisions\/42"}],"wp:attachment":[{"href":"https:\/\/www.ipsofactoservices.fr\/index.php?rest_route=%2Fwp%2Fv2%2Fmedia&parent=14"}],"curies":[{"name":"wp","href":"https:\/\/api.w.org\/{rel}","templated":true}]}}