{"id":2,"date":"2013-06-19T10:31:10","date_gmt":"2013-06-19T09:31:10","guid":{"rendered":"http:\/\/www.ipsofactoservices.fr\/?page_id=2"},"modified":"2013-06-25T15:05:10","modified_gmt":"2013-06-25T14:05:10","slug":"page-d-exemple","status":"publish","type":"page","link":"https:\/\/www.ipsofactoservices.fr\/","title":{"rendered":"La soci\u00e9t\u00e9"},"content":{"rendered":"<p style=\"text-align: justify;\"><span style=\"color: #ffffff;\">.<img loading=\"lazy\" class=\"alignright size-full wp-image-88\" style=\"border: 0px none;\" alt=\"\" src=\"http:\/\/www.ipsofactoservices.fr\/wp-content\/uploads\/2013\/06\/Image-accueil.jpg\" width=\"200\" height=\"444\" srcset=\"https:\/\/www.ipsofactoservices.fr\/wp-content\/uploads\/2013\/06\/Image-accueil.jpg 200w, https:\/\/www.ipsofactoservices.fr\/wp-content\/uploads\/2013\/06\/Image-accueil-135x300.jpg 135w\" sizes=\"(max-width: 200px) 100vw, 200px\" \/>hhhhh<\/span><\/p>\n<p style=\"text-align: justify;\">Cr\u00e9\u00e9 en 1995 et localis\u00e9 dans le 19\u00e8me arrondissement de Paris, Ipso Facto Services est un cabinet comptable sp\u00e9cialis\u00e9 dans le conseil et la gestion des entreprises du milieu culturel et artistique.<\/p>\n<p style=\"text-align: justify;\">Fort des nos 18 ans d\u2019exp\u00e9rience, nous disposons d\u2019une connaissance et d\u2019un savoir-faire en mati\u00e8re de droit social, de fiscalit\u00e9 et de cr\u00e9ation d\u2019entreprise, propres aux particularit\u00e9s du secteur.<\/p>\n<p style=\"text-align: justify;\">Ipso Facto Services apporte des solutions adapt\u00e9es au b\u00e9n\u00e9fice de chaque professionnel et garantit un service de qualit\u00e9 sur l\u2019ensemble des prestations.<\/p>\n<p style=\"text-align: justify;\">Que vous soyez une soci\u00e9t\u00e9, une association, artiste, c\u2019est avec efficacit\u00e9 et professionnalisme qu\u2019Ipso Facto Services saura vous accompagner, r\u00e9pondre \u00e0 vos attentes et vous conseiller.<\/p>\n","protected":false},"excerpt":{"rendered":"<p>.hhhhh Cr\u00e9\u00e9 en 1995 et localis\u00e9 dans le 19\u00e8me arrondissement de Paris, Ipso Facto Services est un cabinet comptable sp\u00e9cialis\u00e9 dans le conseil et la gestion des entreprises du milieu culturel et artistique. Fort des nos 18 ans d\u2019exp\u00e9rience, nous disposons d\u2019une connaissance et d\u2019un savoir-faire en mati\u00e8re de droit social, de fiscalit\u00e9 et de [&hellip;]<\/p>\n","protected":false},"author":1,"featured_media":0,"parent":0,"menu_order":0,"comment_status":"closed","ping_status":"closed","template":"page-templates\/full-width.php","meta":[],"_links":{"self":[{"href":"https:\/\/www.ipsofactoservices.fr\/index.php?rest_route=\/wp\/v2\/pages\/2"}],"collection":[{"href":"https:\/\/www.ipsofactoservices.fr\/index.php?rest_route=\/wp\/v2\/pages"}],"about":[{"href":"https:\/\/www.ipsofactoservices.fr\/index.php?rest_route=\/wp\/v2\/types\/page"}],"author":[{"embeddable":true,"href":"https:\/\/www.ipsofactoservices.fr\/index.php?rest_route=\/wp\/v2\/users\/1"}],"replies":[{"embeddable":true,"href":"https:\/\/www.ipsofactoservices.fr\/index.php?rest_route=%2Fwp%2Fv2%2Fcomments&post=2"}],"version-history":[{"count":26,"href":"https:\/\/www.ipsofactoservices.fr\/index.php?rest_route=\/wp\/v2\/pages\/2\/revisions"}],"predecessor-version":[{"id":26,"href":"https:\/\/www.ipsofactoservices.fr\/index.php?rest_route=\/wp\/v2\/pages\/2\/revisions\/26"}],"wp:attachment":[{"href":"https:\/\/www.ipsofactoservices.fr\/index.php?rest_route=%2Fwp%2Fv2%2Fmedia&parent=2"}],"curies":[{"name":"wp","href":"https:\/\/api.w.org\/{rel}","templated":true}]}}